{"id":937,"date":"2026-03-31T14:51:53","date_gmt":"2026-03-31T12:51:53","guid":{"rendered":"https:\/\/blog.sido-lyon.com\/?page_id=937"},"modified":"2026-03-31T14:51:58","modified_gmt":"2026-03-31T12:51:58","slug":"news","status":"publish","type":"page","link":"https:\/\/blog.sido-lyon.com\/en\/news\/","title":{"rendered":"News"},"content":{"rendered":"<p>[et_pb_section fb_built=&#8221;1&#8243; _builder_version=&#8221;4.20.2&#8243; _module_preset=&#8221;default&#8221; background_color=&#8221;#650D45&#8243; global_colors_info=&#8221;{}&#8221;][et_pb_row use_custom_gutter=&#8221;on&#8221; gutter_width=&#8221;2&#8243; make_equal=&#8221;on&#8221; _builder_version=&#8221;4.20.2&#8243; _module_preset=&#8221;default&#8221; width=&#8221;100%&#8221; max_width=&#8221;1400px&#8221; custom_padding=&#8221;30px||30px||false|false&#8221; global_colors_info=&#8221;{}&#8221;][et_pb_column type=&#8221;4_4&#8243; _builder_version=&#8221;4.20.2&#8243; _module_preset=&#8221;default&#8221; global_colors_info=&#8221;{}&#8221;][et_pb_text _builder_version=&#8221;4.20.2&#8243; _module_preset=&#8221;default&#8221; hover_enabled=&#8221;0&#8243; global_colors_info=&#8221;{}&#8221; sticky_enabled=&#8221;0&#8243;]<\/p>\n<h1><span data-teams=\"true\">Welcome to the blog<\/span><\/h1>\n<p>[\/et_pb_text][et_pb_blog fullwidth=&#8221;off&#8221; posts_number=&#8221;6&#8243; include_categories=&#8221;all&#8221; meta_date=&#8221;d M Y&#8221; show_thumbnail=&#8221;off&#8221; excerpt_length=&#8221;200&#8243; show_more=&#8221;on&#8221; show_author=&#8221;off&#8221; show_categories=&#8221;off&#8221; use_overlay=&#8221;on&#8221; _builder_version=&#8221;4.20.2&#8243; _module_preset=&#8221;default&#8221; header_font=&#8221;Poppins|600|||||||&#8221; header_font_size=&#8221;22px&#8221; header_line_height=&#8221;1.8em&#8221; body_font_size=&#8221;16px&#8221; body_line_height=&#8221;1.8em&#8221; meta_font_size=&#8221;14px&#8221; pagination_text_align=&#8221;center&#8221; global_colors_info=&#8221;{}&#8221;][\/et_pb_blog][\/et_pb_column][\/et_pb_row][\/et_pb_section]<\/p>\n","protected":false},"excerpt":{"rendered":"<p>Welcome to the blog<\/p>\n","protected":false},"author":1,"featured_media":0,"parent":0,"menu_order":0,"comment_status":"closed","ping_status":"closed","template":"","meta":{"_et_pb_use_builder":"on","_et_pb_old_content":"","_et_gb_content_width":"","inline_featured_image":false,"footnotes":""},"class_list":["post-937","page","type-page","status-publish","hentry"],"yoast_head":"<!-- This site is optimized with the Yoast SEO plugin v27.3 - https:\/\/yoast.com\/product\/yoast-seo-wordpress\/ -->\n<title>News - Blog sido lyon<\/title>\n<meta name=\"robots\" content=\"index, follow, max-snippet:-1, max-image-preview:large, max-video-preview:-1\" \/>\n<link rel=\"canonical\" href=\"https:\/\/blog.sido-lyon.com\/en\/news\/\" \/>\n<meta property=\"og:locale\" content=\"en_US\" \/>\n<meta property=\"og:type\" content=\"article\" \/>\n<meta property=\"og:title\" content=\"News - Blog sido lyon\" \/>\n<meta property=\"og:description\" content=\"Welcome to the blog\" \/>\n<meta property=\"og:url\" content=\"https:\/\/blog.sido-lyon.com\/en\/news\/\" \/>\n<meta property=\"og:site_name\" content=\"Blog sido lyon\" \/>\n<meta property=\"article:modified_time\" content=\"2026-03-31T12:51:58+00:00\" \/>\n<meta name=\"twitter:card\" content=\"summary_large_image\" \/>\n<meta name=\"twitter:label1\" content=\"Est. reading time\" \/>\n\t<meta name=\"twitter:data1\" content=\"2 minutes\" \/>\n<script type=\"application\/ld+json\" class=\"yoast-schema-graph\">{\"@context\":\"https:\\\/\\\/schema.org\",\"@graph\":[{\"@type\":\"WebPage\",\"@id\":\"https:\\\/\\\/blog.sido-lyon.com\\\/en\\\/news\\\/\",\"url\":\"https:\\\/\\\/blog.sido-lyon.com\\\/en\\\/news\\\/\",\"name\":\"News - Blog sido lyon\",\"isPartOf\":{\"@id\":\"https:\\\/\\\/blog.sido-lyon.com\\\/#website\"},\"datePublished\":\"2026-03-31T12:51:53+00:00\",\"dateModified\":\"2026-03-31T12:51:58+00:00\",\"breadcrumb\":{\"@id\":\"https:\\\/\\\/blog.sido-lyon.com\\\/en\\\/news\\\/#breadcrumb\"},\"inLanguage\":\"en-US\",\"potentialAction\":[{\"@type\":\"ReadAction\",\"target\":[\"https:\\\/\\\/blog.sido-lyon.com\\\/en\\\/news\\\/\"]}]},{\"@type\":\"BreadcrumbList\",\"@id\":\"https:\\\/\\\/blog.sido-lyon.com\\\/en\\\/news\\\/#breadcrumb\",\"itemListElement\":[{\"@type\":\"ListItem\",\"position\":1,\"name\":\"Home\",\"item\":\"https:\\\/\\\/blog.sido-lyon.com\\\/en\\\/\"},{\"@type\":\"ListItem\",\"position\":2,\"name\":\"News\"}]},{\"@type\":\"WebSite\",\"@id\":\"https:\\\/\\\/blog.sido-lyon.com\\\/#website\",\"url\":\"https:\\\/\\\/blog.sido-lyon.com\\\/\",\"name\":\"Blog sido lyon\",\"description\":\"Acc\u00e9l\u00e9rateur de transformation num\u00e9rique Industrie &amp; Services. De la donn\u00e9e terrain \u00e0 la performance d\u00e9ployable\",\"potentialAction\":[{\"@type\":\"SearchAction\",\"target\":{\"@type\":\"EntryPoint\",\"urlTemplate\":\"https:\\\/\\\/blog.sido-lyon.com\\\/?s={search_term_string}\"},\"query-input\":{\"@type\":\"PropertyValueSpecification\",\"valueRequired\":true,\"valueName\":\"search_term_string\"}}],\"inLanguage\":\"en-US\"}]}<\/script>\n<!-- \/ Yoast SEO plugin. -->","yoast_head_json":{"title":"News - Blog sido lyon","robots":{"index":"index","follow":"follow","max-snippet":"max-snippet:-1","max-image-preview":"max-image-preview:large","max-video-preview":"max-video-preview:-1"},"canonical":"https:\/\/blog.sido-lyon.com\/en\/news\/","og_locale":"en_US","og_type":"article","og_title":"News - Blog sido lyon","og_description":"Welcome to the blog","og_url":"https:\/\/blog.sido-lyon.com\/en\/news\/","og_site_name":"Blog sido lyon","article_modified_time":"2026-03-31T12:51:58+00:00","twitter_card":"summary_large_image","twitter_misc":{"Est. reading time":"2 minutes"},"schema":{"@context":"https:\/\/schema.org","@graph":[{"@type":"WebPage","@id":"https:\/\/blog.sido-lyon.com\/en\/news\/","url":"https:\/\/blog.sido-lyon.com\/en\/news\/","name":"News - Blog sido lyon","isPartOf":{"@id":"https:\/\/blog.sido-lyon.com\/#website"},"datePublished":"2026-03-31T12:51:53+00:00","dateModified":"2026-03-31T12:51:58+00:00","breadcrumb":{"@id":"https:\/\/blog.sido-lyon.com\/en\/news\/#breadcrumb"},"inLanguage":"en-US","potentialAction":[{"@type":"ReadAction","target":["https:\/\/blog.sido-lyon.com\/en\/news\/"]}]},{"@type":"BreadcrumbList","@id":"https:\/\/blog.sido-lyon.com\/en\/news\/#breadcrumb","itemListElement":[{"@type":"ListItem","position":1,"name":"Home","item":"https:\/\/blog.sido-lyon.com\/en\/"},{"@type":"ListItem","position":2,"name":"News"}]},{"@type":"WebSite","@id":"https:\/\/blog.sido-lyon.com\/#website","url":"https:\/\/blog.sido-lyon.com\/","name":"Blog sido lyon","description":"Acc\u00e9l\u00e9rateur de transformation num\u00e9rique Industrie &amp; Services. De la donn\u00e9e terrain \u00e0 la performance d\u00e9ployable","potentialAction":[{"@type":"SearchAction","target":{"@type":"EntryPoint","urlTemplate":"https:\/\/blog.sido-lyon.com\/?s={search_term_string}"},"query-input":{"@type":"PropertyValueSpecification","valueRequired":true,"valueName":"search_term_string"}}],"inLanguage":"en-US"}]}},"_links":{"self":[{"href":"https:\/\/blog.sido-lyon.com\/en\/wp-json\/wp\/v2\/pages\/937","targetHints":{"allow":["GET"]}}],"collection":[{"href":"https:\/\/blog.sido-lyon.com\/en\/wp-json\/wp\/v2\/pages"}],"about":[{"href":"https:\/\/blog.sido-lyon.com\/en\/wp-json\/wp\/v2\/types\/page"}],"author":[{"embeddable":true,"href":"https:\/\/blog.sido-lyon.com\/en\/wp-json\/wp\/v2\/users\/1"}],"replies":[{"embeddable":true,"href":"https:\/\/blog.sido-lyon.com\/en\/wp-json\/wp\/v2\/comments?post=937"}],"version-history":[{"count":2,"href":"https:\/\/blog.sido-lyon.com\/en\/wp-json\/wp\/v2\/pages\/937\/revisions"}],"predecessor-version":[{"id":939,"href":"https:\/\/blog.sido-lyon.com\/en\/wp-json\/wp\/v2\/pages\/937\/revisions\/939"}],"wp:attachment":[{"href":"https:\/\/blog.sido-lyon.com\/en\/wp-json\/wp\/v2\/media?parent=937"}],"curies":[{"name":"wp","href":"https:\/\/api.w.org\/{rel}","templated":true}]}}