{"id":814,"date":"2026-03-30T14:18:20","date_gmt":"2026-03-30T12:18:20","guid":{"rendered":"https:\/\/blog.sido-lyon.com\/accueil\/"},"modified":"2026-04-13T15:28:35","modified_gmt":"2026-04-13T13:28:35","slug":"accueil","status":"publish","type":"page","link":"https:\/\/blog.sido-lyon.com\/en\/","title":{"rendered":"Home"},"content":{"rendered":"<p>[et_pb_section fb_built=&#8221;1&#8243; _builder_version=&#8221;4.20.2&#8243; _module_preset=&#8221;default&#8221; background_color=&#8221;#650D45&#8243; global_colors_info=&#8221;{}&#8221;][et_pb_row use_custom_gutter=&#8221;on&#8221; gutter_width=&#8221;4&#8243; make_equal=&#8221;on&#8221; _builder_version=&#8221;4.20.2&#8243; _module_preset=&#8221;default&#8221; width=&#8221;100%&#8221; max_width=&#8221;1280px&#8221; custom_padding=&#8221;30px||30px||false|false&#8221; global_colors_info=&#8221;{}&#8221;][et_pb_column type=&#8221;4_4&#8243; _builder_version=&#8221;4.20.2&#8243; _module_preset=&#8221;default&#8221; global_colors_info=&#8221;{}&#8221;][et_pb_text _builder_version=&#8221;4.20.2&#8243; _module_preset=&#8221;default&#8221; global_colors_info=&#8221;{}&#8221;]<\/p>\n<h1>The latest news from the ecosystem<\/h1>\n<p>[\/et_pb_text][et_pb_blog fullwidth=&#8221;off&#8221; posts_number=&#8221;6&#8243; include_categories=&#8221;all&#8221; meta_date=&#8221;d M Y&#8221; show_thumbnail=&#8221;off&#8221; show_more=&#8221;on&#8221; show_author=&#8221;off&#8221; show_categories=&#8221;off&#8221; show_pagination=&#8221;off&#8221; use_overlay=&#8221;on&#8221; _builder_version=&#8221;4.20.2&#8243; _module_preset=&#8221;default&#8221; header_font=&#8221;Poppins|600|||||||&#8221; header_font_size=&#8221;22px&#8221; header_line_height=&#8221;1.8em&#8221; body_font_size=&#8221;16px&#8221; body_line_height=&#8221;1.8em&#8221; meta_font_size=&#8221;14px&#8221; global_colors_info=&#8221;{}&#8221;][\/et_pb_blog][et_pb_button button_url=&#8221;@ET-DC@eyJkeW5hbWljIjp0cnVlLCJjb250ZW50IjoicG9zdF9saW5rX3VybF9wYWdlIiwic2V0dGluZ3MiOnsicG9zdF9pZCI6IjkzNyJ9fQ==@&#8221; button_text=&#8221;See all articles&#8221; button_alignment=&#8221;center&#8221; _builder_version=&#8221;4.20.2&#8243; _dynamic_attributes=&#8221;button_url&#8221; _module_preset=&#8221;default&#8221; global_colors_info=&#8221;{}&#8221;][\/et_pb_button][\/et_pb_column][\/et_pb_row][\/et_pb_section]<\/p>\n","protected":false},"excerpt":{"rendered":"<p>The latest news from the ecosystem<\/p>\n","protected":false},"author":1,"featured_media":0,"parent":0,"menu_order":0,"comment_status":"closed","ping_status":"closed","template":"","meta":{"_et_pb_use_builder":"on","_et_pb_old_content":"","_et_gb_content_width":"","inline_featured_image":false,"footnotes":""},"class_list":["post-814","page","type-page","status-publish","hentry"],"yoast_head":"<!-- This site is optimized with the Yoast SEO plugin v27.3 - https:\/\/yoast.com\/product\/yoast-seo-wordpress\/ -->\n<title>Home - Blog sido lyon<\/title>\n<meta name=\"robots\" content=\"index, follow, max-snippet:-1, max-image-preview:large, max-video-preview:-1\" \/>\n<link rel=\"canonical\" href=\"https:\/\/blog.sido-lyon.com\/en\/\" \/>\n<meta property=\"og:locale\" content=\"en_US\" \/>\n<meta property=\"og:type\" content=\"article\" \/>\n<meta property=\"og:title\" content=\"Home - Blog sido lyon\" \/>\n<meta property=\"og:description\" content=\"The latest news from the ecosystem\" \/>\n<meta property=\"og:url\" content=\"https:\/\/blog.sido-lyon.com\/en\/\" \/>\n<meta property=\"og:site_name\" content=\"Blog sido lyon\" \/>\n<meta property=\"article:modified_time\" content=\"2026-04-13T13:28:35+00:00\" \/>\n<meta name=\"twitter:card\" content=\"summary_large_image\" \/>\n<meta name=\"twitter:label1\" content=\"Est. reading time\" \/>\n\t<meta name=\"twitter:data1\" content=\"2 minutes\" \/>\n<script type=\"application\/ld+json\" class=\"yoast-schema-graph\">{\"@context\":\"https:\\\/\\\/schema.org\",\"@graph\":[{\"@type\":\"WebPage\",\"@id\":\"https:\\\/\\\/blog.sido-lyon.com\\\/en\\\/\",\"url\":\"https:\\\/\\\/blog.sido-lyon.com\\\/en\\\/\",\"name\":\"Home - Blog sido lyon\",\"isPartOf\":{\"@id\":\"https:\\\/\\\/blog.sido-lyon.com\\\/#website\"},\"datePublished\":\"2026-03-30T12:18:20+00:00\",\"dateModified\":\"2026-04-13T13:28:35+00:00\",\"breadcrumb\":{\"@id\":\"https:\\\/\\\/blog.sido-lyon.com\\\/en\\\/#breadcrumb\"},\"inLanguage\":\"en-US\",\"potentialAction\":[{\"@type\":\"ReadAction\",\"target\":[\"https:\\\/\\\/blog.sido-lyon.com\\\/en\\\/\"]}]},{\"@type\":\"BreadcrumbList\",\"@id\":\"https:\\\/\\\/blog.sido-lyon.com\\\/en\\\/#breadcrumb\",\"itemListElement\":[{\"@type\":\"ListItem\",\"position\":1,\"name\":\"Home\",\"item\":\"https:\\\/\\\/blog.sido-lyon.com\\\/en\\\/\"},{\"@type\":\"ListItem\",\"position\":2,\"name\":\"Home\"}]},{\"@type\":\"WebSite\",\"@id\":\"https:\\\/\\\/blog.sido-lyon.com\\\/#website\",\"url\":\"https:\\\/\\\/blog.sido-lyon.com\\\/\",\"name\":\"Blog sido lyon\",\"description\":\"Acc\u00e9l\u00e9rateur de transformation num\u00e9rique Industrie &amp; Services. De la donn\u00e9e terrain \u00e0 la performance d\u00e9ployable\",\"potentialAction\":[{\"@type\":\"SearchAction\",\"target\":{\"@type\":\"EntryPoint\",\"urlTemplate\":\"https:\\\/\\\/blog.sido-lyon.com\\\/?s={search_term_string}\"},\"query-input\":{\"@type\":\"PropertyValueSpecification\",\"valueRequired\":true,\"valueName\":\"search_term_string\"}}],\"inLanguage\":\"en-US\"}]}<\/script>\n<!-- \/ Yoast SEO plugin. -->","yoast_head_json":{"title":"Home - Blog sido lyon","robots":{"index":"index","follow":"follow","max-snippet":"max-snippet:-1","max-image-preview":"max-image-preview:large","max-video-preview":"max-video-preview:-1"},"canonical":"https:\/\/blog.sido-lyon.com\/en\/","og_locale":"en_US","og_type":"article","og_title":"Home - Blog sido lyon","og_description":"The latest news from the ecosystem","og_url":"https:\/\/blog.sido-lyon.com\/en\/","og_site_name":"Blog sido lyon","article_modified_time":"2026-04-13T13:28:35+00:00","twitter_card":"summary_large_image","twitter_misc":{"Est. reading time":"2 minutes"},"schema":{"@context":"https:\/\/schema.org","@graph":[{"@type":"WebPage","@id":"https:\/\/blog.sido-lyon.com\/en\/","url":"https:\/\/blog.sido-lyon.com\/en\/","name":"Home - Blog sido lyon","isPartOf":{"@id":"https:\/\/blog.sido-lyon.com\/#website"},"datePublished":"2026-03-30T12:18:20+00:00","dateModified":"2026-04-13T13:28:35+00:00","breadcrumb":{"@id":"https:\/\/blog.sido-lyon.com\/en\/#breadcrumb"},"inLanguage":"en-US","potentialAction":[{"@type":"ReadAction","target":["https:\/\/blog.sido-lyon.com\/en\/"]}]},{"@type":"BreadcrumbList","@id":"https:\/\/blog.sido-lyon.com\/en\/#breadcrumb","itemListElement":[{"@type":"ListItem","position":1,"name":"Home","item":"https:\/\/blog.sido-lyon.com\/en\/"},{"@type":"ListItem","position":2,"name":"Home"}]},{"@type":"WebSite","@id":"https:\/\/blog.sido-lyon.com\/#website","url":"https:\/\/blog.sido-lyon.com\/","name":"Blog sido lyon","description":"Acc\u00e9l\u00e9rateur de transformation num\u00e9rique Industrie &amp; Services. De la donn\u00e9e terrain \u00e0 la performance d\u00e9ployable","potentialAction":[{"@type":"SearchAction","target":{"@type":"EntryPoint","urlTemplate":"https:\/\/blog.sido-lyon.com\/?s={search_term_string}"},"query-input":{"@type":"PropertyValueSpecification","valueRequired":true,"valueName":"search_term_string"}}],"inLanguage":"en-US"}]}},"_links":{"self":[{"href":"https:\/\/blog.sido-lyon.com\/en\/wp-json\/wp\/v2\/pages\/814","targetHints":{"allow":["GET"]}}],"collection":[{"href":"https:\/\/blog.sido-lyon.com\/en\/wp-json\/wp\/v2\/pages"}],"about":[{"href":"https:\/\/blog.sido-lyon.com\/en\/wp-json\/wp\/v2\/types\/page"}],"author":[{"embeddable":true,"href":"https:\/\/blog.sido-lyon.com\/en\/wp-json\/wp\/v2\/users\/1"}],"replies":[{"embeddable":true,"href":"https:\/\/blog.sido-lyon.com\/en\/wp-json\/wp\/v2\/comments?post=814"}],"version-history":[{"count":8,"href":"https:\/\/blog.sido-lyon.com\/en\/wp-json\/wp\/v2\/pages\/814\/revisions"}],"predecessor-version":[{"id":1104,"href":"https:\/\/blog.sido-lyon.com\/en\/wp-json\/wp\/v2\/pages\/814\/revisions\/1104"}],"wp:attachment":[{"href":"https:\/\/blog.sido-lyon.com\/en\/wp-json\/wp\/v2\/media?parent=814"}],"curies":[{"name":"wp","href":"https:\/\/api.w.org\/{rel}","templated":true}]}}